{"id":9230,"date":"2023-03-23T12:00:02","date_gmt":"2023-03-23T12:00:02","guid":{"rendered":"https:\/\/dummy.xtemos.com\/woodmart2\/?page_id=9230"},"modified":"2024-09-20T14:26:53","modified_gmt":"2024-09-20T14:26:53","slug":"home-developer","status":"publish","type":"page","link":"https:\/\/www.bahisbet.app\/","title":{"rendered":"Anasayfa"},"content":{"rendered":"<div class=\"wpb-content-wrapper\"><p>[vc_row woodmart_stretch_content=&#8221;section-stretch&#8221; woodmart_bg_position=&#8221;left-center&#8221; css=&#8221;.vc_custom_1726841398710{padding-top: 160px !important;padding-bottom: 0px !important;background: #242424 url(https:\/\/www.bahisbet.app\/wp-content\/uploads\/2024\/09\/bg4x.jpg?id=9452) !important;background-position: center !important;background-repeat: no-repeat !important;background-size: cover !important;}&#8221; mobile_bg_img_hidden=&#8221;no&#8221; tablet_bg_img_hidden=&#8221;no&#8221; woodmart_parallax=&#8221;0&#8243; woodmart_gradient_switch=&#8221;no&#8221; row_reverse_mobile=&#8221;0&#8243; row_reverse_tablet=&#8221;0&#8243; woodmart_disable_overflow=&#8221;0&#8243; woodmart_css_id=&#8221;66ed8222482a1&#8243; responsive_spacing=&#8221;eyJwYXJhbV90eXBlIjoid29vZG1hcnRfcmVzcG9uc2l2ZV9zcGFjaW5nIiwic2VsZWN0b3JfaWQiOiI2NmVkODIyMjQ4MmExIiwic2hvcnRjb2RlIjoidmNfcm93IiwiZGF0YSI6eyJ0YWJsZXQiOnsicGFkZGluZy10b3AiOiI4MHB4In0sIm1vYmlsZSI6eyJwYWRkaW5nLXRvcCI6IjYwcHgifX19&#8243; woodmart_box_shadow=&#8221;no&#8221; wd_z_index=&#8221;no&#8221; el_id=&#8221;Home&#8221;][vc_column width=&#8221;1\/3&#8243; css=&#8221;.vc_custom_1677857349287{padding-top: 0px !important;}&#8221; mobile_bg_img_hidden=&#8221;no&#8221; tablet_bg_img_hidden=&#8221;no&#8221; woodmart_parallax=&#8221;0&#8243; woodmart_sticky_column=&#8221;false&#8221; parallax_scroll=&#8221;no&#8221; mobile_reset_margin=&#8221;no&#8221; tablet_reset_margin=&#8221;no&#8221; offset=&#8221;vc_col-lg-5 vc_col-md-4 vc_hidden-xs&#8221; woodmart_css_id=&#8221;64021241edd7e&#8221; wd_collapsible_content_switcher=&#8221;no&#8221; wd_column_role_offcanvas_desktop=&#8221;no&#8221; wd_column_role_offcanvas_tablet=&#8221;no&#8221; wd_column_role_offcanvas_mobile=&#8221;no&#8221; wd_column_role_content_desktop=&#8221;no&#8221; wd_column_role_content_tablet=&#8221;no&#8221; wd_column_role_content_mobile=&#8221;no&#8221; woodmart_box_shadow=&#8221;no&#8221; responsive_spacing=&#8221;eyJwYXJhbV90eXBlIjoid29vZG1hcnRfcmVzcG9uc2l2ZV9zcGFjaW5nIiwic2VsZWN0b3JfaWQiOiI2NDAyMTI0MWVkZDdlIiwic2hvcnRjb2RlIjoidmNfY29sdW1uIiwiZGF0YSI6eyJ0YWJsZXQiOnt9LCJtb2JpbGUiOnt9fX0=&#8221; wd_z_index=&#8221;no&#8221;][\/vc_column][vc_column width=&#8221;2\/3&#8243; woodmart_color_scheme=&#8221;light&#8221; woodmart_text_align=&#8221;left&#8221; css=&#8221;.vc_custom_1677857367828{margin-top: 100px !important;padding-top: 0px !important;}&#8221; mobile_bg_img_hidden=&#8221;no&#8221; tablet_bg_img_hidden=&#8221;no&#8221; woodmart_parallax=&#8221;0&#8243; woodmart_sticky_column=&#8221;false&#8221; parallax_scroll=&#8221;no&#8221; mobile_reset_margin=&#8221;no&#8221; tablet_reset_margin=&#8221;no&#8221; offset=&#8221;vc_col-lg-7 vc_col-md-8 vc_col-xs-12&#8243; woodmart_css_id=&#8221;6402124fad8bc&#8221; wd_collapsible_content_switcher=&#8221;no&#8221; wd_column_role_offcanvas_desktop=&#8221;no&#8221; wd_column_role_offcanvas_tablet=&#8221;no&#8221; wd_column_role_offcanvas_mobile=&#8221;no&#8221; wd_column_role_content_desktop=&#8221;no&#8221; wd_column_role_content_tablet=&#8221;no&#8221; wd_column_role_content_mobile=&#8221;no&#8221; woodmart_box_shadow=&#8221;no&#8221; responsive_spacing=&#8221;eyJwYXJhbV90eXBlIjoid29vZG1hcnRfcmVzcG9uc2l2ZV9zcGFjaW5nIiwic2VsZWN0b3JfaWQiOiI2NDAyMTI0ZmFkOGJjIiwic2hvcnRjb2RlIjoidmNfY29sdW1uIiwiZGF0YSI6eyJ0YWJsZXQiOnt9LCJtb2JpbGUiOnsibWFyZ2luLXRvcCI6IjgwcHgiLCJtYXJnaW4tYm90dG9tIjoiODAifX19&#8243; wd_z_index=&#8221;no&#8221;]\t\t\t<link rel=\"stylesheet\" id=\"wd-section-title-css\" href=\"https:\/\/www.bahisbet.app\/wp-content\/themes\/woodmart\/css\/parts\/el-section-title.min.css?ver=7.4.3\" type=\"text\/css\" media=\"all\" \/> \t\t\t\t\t\t<link rel=\"stylesheet\" id=\"wd-mod-highlighted-text-css\" href=\"https:\/\/www.bahisbet.app\/wp-content\/themes\/woodmart\/css\/parts\/mod-highlighted-text.min.css?ver=7.4.3\" type=\"text\/css\" media=\"all\" \/> \t\t\t\n\t\t<div id=\"wd-66ed82f4e6c95\" class=\"title-wrapper wd-wpb set-mb-s reset-last-child  wd-rs-66ed82f4e6c95 wd-title-color-default wd-title-style-default text-left  wd-underline-colored\">\n\t\t\t\n\t\t\t<div class=\"liner-continer\">\n\t\t\t\t<h4 class=\"woodmart-title-container title  wd-font-weight- wd-fontsize-xxl\" >BahisBet G\u00fcncel<br \/>\nGiri\u015f Ba\u011flant\u0131s\u0131<\/h4>\n\t\t\t\t\t\t\t<\/div>\n\t\t\t\n\t\t\t\n\t\t\t\n\t\t<\/div>\n\t\t\n\t\t\t\t\t<link rel=\"stylesheet\" id=\"wd-text-block-css\" href=\"https:\/\/www.bahisbet.app\/wp-content\/themes\/woodmart\/css\/parts\/el-text-block.min.css?ver=7.4.3\" type=\"text\/css\" media=\"all\" \/> \t\t\t\t\t<div id=\"wd-66ecb1d0ecc51\" class=\"wd-text-block wd-wpb reset-last-child wd-rs-66ecb1d0ecc51 text-left color-scheme-light \">\n\t\t\t<p>G\u00fcncel BahisBet adresine giri\u015f yapmak i\u00e7in a\u015fa\u011f\u0131daki butona t\u0131klay\u0131n\u0131z.<\/p>\n\t\t<\/div>\n\t\t[vc_wp_text]<iframe title=\"BahisBet G\u00fcncel Adresi\" src=\"https:\/\/www.bahisbetgiris.ai\/btx\/adresegit.html\" height=\"70\" data-mce-fragment=\"1\"><\/iframe>[\/vc_wp_text][\/vc_column][\/vc_row][vc_row css=&#8221;.vc_custom_1726836404422{padding-top: 40px !important;padding-bottom: 40px !important;}&#8221; woodmart_css_id=&#8221;66ed6eb0c0450&#8243; responsive_spacing=&#8221;eyJwYXJhbV90eXBlIjoid29vZG1hcnRfcmVzcG9uc2l2ZV9zcGFjaW5nIiwic2VsZWN0b3JfaWQiOiI2NmVkNmViMGMwNDUwIiwic2hvcnRjb2RlIjoidmNfcm93IiwiZGF0YSI6eyJ0YWJsZXQiOnt9LCJtb2JpbGUiOnt9fX0=&#8221; mobile_bg_img_hidden=&#8221;no&#8221; tablet_bg_img_hidden=&#8221;no&#8221; woodmart_parallax=&#8221;0&#8243; woodmart_gradient_switch=&#8221;no&#8221; woodmart_box_shadow=&#8221;no&#8221; wd_z_index=&#8221;no&#8221; woodmart_disable_overflow=&#8221;0&#8243; row_reverse_mobile=&#8221;0&#8243; row_reverse_tablet=&#8221;0&#8243;][vc_column width=&#8221;1\/2&#8243; vertical_alignment=&#8221;eyJkZXZpY2VzIjp7ImRlc2t0b3AiOnsidmFsdWUiOiJjZW50ZXIifSwidGFibGV0Ijp7InZhbHVlIjoiIn0sIm1vYmlsZSI6eyJ2YWx1ZSI6IiJ9fX0=&#8221; woodmart_css_id=&#8221;66eca3da1c518&#8243; parallax_scroll=&#8221;no&#8221; woodmart_sticky_column=&#8221;false&#8221; wd_collapsible_content_switcher=&#8221;no&#8221; wd_column_role_offcanvas_desktop=&#8221;no&#8221; wd_column_role_offcanvas_tablet=&#8221;no&#8221; wd_column_role_offcanvas_mobile=&#8221;no&#8221; wd_column_role_content_desktop=&#8221;no&#8221; wd_column_role_content_tablet=&#8221;no&#8221; wd_column_role_content_mobile=&#8221;no&#8221; mobile_bg_img_hidden=&#8221;no&#8221; tablet_bg_img_hidden=&#8221;no&#8221; woodmart_parallax=&#8221;0&#8243; woodmart_box_shadow=&#8221;no&#8221; responsive_spacing=&#8221;eyJwYXJhbV90eXBlIjoid29vZG1hcnRfcmVzcG9uc2l2ZV9zcGFjaW5nIiwic2VsZWN0b3JfaWQiOiI2NmVjYTNkYTFjNTE4Iiwic2hvcnRjb2RlIjoidmNfY29sdW1uIiwiZGF0YSI6eyJ0YWJsZXQiOnt9LCJtb2JpbGUiOnt9fX0=&#8221; mobile_reset_margin=&#8221;no&#8221; tablet_reset_margin=&#8221;no&#8221; wd_z_index=&#8221;no&#8221;]\t\t\t<link rel=\"stylesheet\" id=\"wd-info-box-css\" href=\"https:\/\/www.bahisbet.app\/wp-content\/themes\/woodmart\/css\/parts\/el-info-box.min.css?ver=7.4.3\" type=\"text\/css\" media=\"all\" \/> \t\t\t\t\t\t<div class=\"info-box-wrapper\">\n\t\t\t\t<div id=\"wd-66ed84d778a01\" class=\" wd-rs-66ed84d778a01 wd-info-box wd-wpb text-left box-icon-align-left box-style- color-scheme-light wd-bg-none wd-items-middle \">\n\t\t\t\t\t\t\t\t\t\t<div class=\"info-box-content\">\n\t\t\t\t\t\t<div class=\"info-box-subtitle subtitle-color-primary wd-fontsize-m subtitle-style-default wd-font-weight-500\">G\u0130R\u0130\u015e YAP<\/div><h4 class=\"info-box-title title box-title-style-default wd-fontsize-xxl\">Bahis D\u00fcnyas\u0131nda S\u0131n\u0131rlar\u0131 Zorlay\u0131n, Heyecan\u0131 Sonuna Kadar Ya\u015fay\u0131n<\/h4>\t\t\t\t\t\t<div class=\"info-box-inner set-cont-mb-s reset-last-child\"><\/div>\n\n\t\t\t\t\t\t\t\t\t\t\t<\/div>\n\n\t\t\t\t\t\n\t\t\t\t\t<style><\/style>\t\t\t\t<\/div>\n\t\t\t<\/div>\n\t\t\t\t<div id=\"wd-66ed84efaf73c\" class=\"wd-text-block wd-wpb reset-last-child wd-rs-66ed84efaf73c text-left color-scheme-light \">\n\t\t\t<p>Yeni ve mevcut kullan\u0131c\u0131lar\u0131m\u0131za sundu\u011fumuz \u00e7e\u015fitli promosyonlar ve bonuslar, yat\u0131r\u0131m\u0131n\u0131za ek bir de\u011fer katarak bahis deneyiminizi daha da keyifli hale getiriyor. Ho\u015f geldin bonuslar\u0131m\u0131z sayesinde her yeni oyununuzda kazan\u00e7 kap\u0131lar\u0131n\u0131 aralay\u0131n. Bu f\u0131rsatlar\u0131 de\u011ferlendirmek i\u00e7in acele edin!<\/p>\n<p>G\u00fcncel platformumuza kolayca eri\u015fmek i\u00e7in yukar\u0131daki giri\u015f butonlar\u0131na t\u0131klaman\u0131z yeterli. Hadi, heyecan dolu maceran\u0131za ba\u015flay\u0131n!<\/p>\n\t\t<\/div>\n\t\t[\/vc_column][vc_column width=&#8221;1\/2&#8243;][vc_single_image image=&#8221;9456&#8243; img_size=&#8221;full&#8221; css=&#8221;&#8221; parallax_scroll=&#8221;no&#8221; woodmart_inline=&#8221;no&#8221;][\/vc_column][\/vc_row][vc_row css=&#8221;.vc_custom_1726836395588{padding-top: 40px !important;padding-bottom: 40px !important;}&#8221; woodmart_css_id=&#8221;66ed6ea726091&#8243; responsive_spacing=&#8221;eyJwYXJhbV90eXBlIjoid29vZG1hcnRfcmVzcG9uc2l2ZV9zcGFjaW5nIiwic2VsZWN0b3JfaWQiOiI2NmVkNmVhNzI2MDkxIiwic2hvcnRjb2RlIjoidmNfcm93IiwiZGF0YSI6eyJ0YWJsZXQiOnt9LCJtb2JpbGUiOnt9fX0=&#8221; mobile_bg_img_hidden=&#8221;no&#8221; tablet_bg_img_hidden=&#8221;no&#8221; woodmart_parallax=&#8221;0&#8243; woodmart_gradient_switch=&#8221;no&#8221; woodmart_box_shadow=&#8221;no&#8221; wd_z_index=&#8221;no&#8221; woodmart_disable_overflow=&#8221;0&#8243; row_reverse_mobile=&#8221;0&#8243; row_reverse_tablet=&#8221;0&#8243;][vc_column width=&#8221;1\/2&#8243;][vc_empty_space woodmart_hide_large=&#8221;0&#8243; woodmart_hide_medium=&#8221;0&#8243; woodmart_hide_small=&#8221;0&#8243;][vc_single_image image=&#8221;9457&#8243; img_size=&#8221;full&#8221; css=&#8221;&#8221; parallax_scroll=&#8221;no&#8221; woodmart_inline=&#8221;no&#8221;][\/vc_column][vc_column width=&#8221;1\/2&#8243; vertical_alignment=&#8221;eyJkZXZpY2VzIjp7ImRlc2t0b3AiOnsidmFsdWUiOiJjZW50ZXIifSwidGFibGV0Ijp7InZhbHVlIjoiIn0sIm1vYmlsZSI6eyJ2YWx1ZSI6IiJ9fX0=&#8221; woodmart_css_id=&#8221;66eca3da1c518&#8243; parallax_scroll=&#8221;no&#8221; woodmart_sticky_column=&#8221;false&#8221; wd_collapsible_content_switcher=&#8221;no&#8221; wd_column_role_offcanvas_desktop=&#8221;no&#8221; wd_column_role_offcanvas_tablet=&#8221;no&#8221; wd_column_role_offcanvas_mobile=&#8221;no&#8221; wd_column_role_content_desktop=&#8221;no&#8221; wd_column_role_content_tablet=&#8221;no&#8221; wd_column_role_content_mobile=&#8221;no&#8221; mobile_bg_img_hidden=&#8221;no&#8221; tablet_bg_img_hidden=&#8221;no&#8221; woodmart_parallax=&#8221;0&#8243; woodmart_box_shadow=&#8221;no&#8221; responsive_spacing=&#8221;eyJwYXJhbV90eXBlIjoid29vZG1hcnRfcmVzcG9uc2l2ZV9zcGFjaW5nIiwic2VsZWN0b3JfaWQiOiI2NmVjYTNkYTFjNTE4Iiwic2hvcnRjb2RlIjoidmNfY29sdW1uIiwiZGF0YSI6eyJ0YWJsZXQiOnt9LCJtb2JpbGUiOnt9fX0=&#8221; mobile_reset_margin=&#8221;no&#8221; tablet_reset_margin=&#8221;no&#8221; wd_z_index=&#8221;no&#8221;][vc_empty_space woodmart_hide_large=&#8221;0&#8243; woodmart_hide_medium=&#8221;0&#8243; woodmart_hide_small=&#8221;0&#8243;]\t\t\t<div class=\"info-box-wrapper\">\n\t\t\t\t<div id=\"wd-66ed84e5ad991\" class=\" wd-rs-66ed84e5ad991 wd-info-box wd-wpb text-left box-icon-align-left box-style- color-scheme-light wd-bg-none wd-items-middle \">\n\t\t\t\t\t\t\t\t\t\t<div class=\"info-box-content\">\n\t\t\t\t\t\t<div class=\"info-box-subtitle subtitle-color-primary wd-fontsize-m subtitle-style-default wd-font-weight-500\">\u015e\u0130MD\u0130 BA\u015eLA<\/div><h4 class=\"info-box-title title box-title-style-default wd-fontsize-xxl\">Bonuslarla Zenginle\u015ftirilmi\u015f Bir Bahis Deneyimi<\/h4>\t\t\t\t\t\t<div class=\"info-box-inner set-cont-mb-s reset-last-child\"><\/div>\n\n\t\t\t\t\t\t\t\t\t\t\t<\/div>\n\n\t\t\t\t\t\n\t\t\t\t\t<style><\/style>\t\t\t\t<\/div>\n\t\t\t<\/div>\n\t\t\t\t<div id=\"wd-66ed8555238e8\" class=\"wd-text-block wd-wpb reset-last-child wd-rs-66ed8555238e8 text-left color-scheme-light \">\n\t\t\t<p>Kazanc\u0131n\u0131z\u0131 an\u0131nda alman\u0131n keyfini ya\u015fay\u0131n! H\u0131zl\u0131 \u00f6deme s\u00fcre\u00e7lerimiz sayesinde, kazan\u00e7lar\u0131n\u0131za kolayca ula\u015fabilirsiniz. T\u00fcm i\u015flemleriniz g\u00fcvenilir y\u00f6ntemlerle yap\u0131l\u0131r ve paran\u0131z en k\u0131sa s\u00fcrede hesab\u0131n\u0131za ge\u00e7er. Herhangi bir sorunda, profesyonel destek ekibimiz 7\/24 yan\u0131n\u0131zdad\u0131r.<\/p>\n<p>Bahis d\u00fcnyas\u0131na ad\u0131m at\u0131n ve geni\u015f oyun se\u00e7eneklerimizle e\u011flencenin tad\u0131n\u0131 \u00e7\u0131kar\u0131n! Spor bahisleri, canl\u0131 bahisler, slot oyunlar\u0131 ve masa oyunlar\u0131 ile dolu bir d\u00fcnyada kaybolmaya haz\u0131r olun. Farkl\u0131 etkinliklere bahis yaparak kazanc\u0131n\u0131z\u0131 art\u0131r\u0131n ve her g\u00fcn g\u00fcncellenen oyunlar\u0131m\u0131zla keyifli anlar ya\u015fay\u0131n. Heyecan dolu bir deneyim sizi bekliyor!<\/p>\n\t\t<\/div>\n\t\t[\/vc_column][\/vc_row][vc_row woodmart_stretch_content=&#8221;section-stretch-content-no-pd&#8221; css=&#8221;.vc_custom_1679329002740{margin-bottom: -40px !important;background-color: #245e87 !important;}&#8221; mobile_bg_img_hidden=&#8221;no&#8221; tablet_bg_img_hidden=&#8221;no&#8221; woodmart_parallax=&#8221;0&#8243; woodmart_gradient_switch=&#8221;no&#8221; row_reverse_mobile=&#8221;0&#8243; row_reverse_tablet=&#8221;0&#8243; woodmart_disable_overflow=&#8221;0&#8243; woodmart_css_id=&#8221;641886e8728aa&#8221; responsive_spacing=&#8221;eyJwYXJhbV90eXBlIjoid29vZG1hcnRfcmVzcG9uc2l2ZV9zcGFjaW5nIiwic2VsZWN0b3JfaWQiOiI2NDE4ODZlODcyOGFhIiwic2hvcnRjb2RlIjoidmNfcm93IiwiZGF0YSI6eyJ0YWJsZXQiOnt9LCJtb2JpbGUiOnt9fX0=&#8221; woodmart_box_shadow=&#8221;no&#8221; wd_z_index=&#8221;no&#8221;][vc_column css=&#8221;.vc_custom_1622204501726{padding-top: 0px !important;}&#8221; mobile_bg_img_hidden=&#8221;no&#8221; tablet_bg_img_hidden=&#8221;no&#8221; woodmart_parallax=&#8221;0&#8243; woodmart_sticky_column=&#8221;false&#8221; parallax_scroll=&#8221;no&#8221; mobile_reset_margin=&#8221;no&#8221; tablet_reset_margin=&#8221;no&#8221;][vc_empty_space woodmart_hide_large=&#8221;0&#8243; woodmart_hide_medium=&#8221;0&#8243; woodmart_hide_small=&#8221;0&#8243;][\/vc_column][\/vc_row]<\/p>\n<\/div>","protected":false},"excerpt":{"rendered":"<p>[vc_row woodmart_stretch_content=&#8221;section-stretch&#8221; woodmart_bg_position=&#8221;left-center&#8221; css=&#8221;.vc_custom_1726841398710{padding-top: 160px !important;padding-bottom: 0px !important;background: #242424 url(https:\/\/www.bahisbet.app\/wp-content\/uploads\/2024\/09\/bg4x.jpg?id=9452) !important;background-position: center !important;background-repeat: no-repeat !important;background-size: cover !important;}&#8221; mobile_bg_img_hidden=&#8221;no&#8221; tablet_bg_img_hidden=&#8221;no&#8221; woodmart_parallax=&#8221;0&#8243;<\/p>\n","protected":false},"author":1,"featured_media":0,"parent":0,"menu_order":0,"comment_status":"closed","ping_status":"closed","template":"","meta":{"footnotes":""},"class_list":["post-9230","page","type-page","status-publish","hentry"],"yoast_head":"<!-- This site is optimized with the Yoast SEO plugin v27.5 - https:\/\/yoast.com\/product\/yoast-seo-wordpress\/ -->\n<title>BahisBet&#039;e Hemen Giri\u015f Yap | G\u00fcncel Giri\u015f Ba\u011flant\u0131s\u0131<\/title>\n<meta name=\"description\" content=\"BahisBet&#039;in g\u00fcncel giri\u015f ba\u011flant\u0131s\u0131n\u0131 g\u00f6rmek i\u00e7in \u015fimdi giri\u015f yap\u0131n.\" \/>\n<meta name=\"robots\" content=\"index, follow, max-snippet:-1, max-image-preview:large, max-video-preview:-1\" \/>\n<link rel=\"canonical\" href=\"https:\/\/www.bahisbet.app\/\" \/>\n<meta property=\"og:locale\" content=\"tr_TR\" \/>\n<meta property=\"og:type\" content=\"article\" \/>\n<meta property=\"og:title\" content=\"BahisBet&#039;e Hemen Giri\u015f Yap | G\u00fcncel Giri\u015f Ba\u011flant\u0131s\u0131\" \/>\n<meta property=\"og:description\" content=\"BahisBet&#039;in g\u00fcncel giri\u015f ba\u011flant\u0131s\u0131n\u0131 g\u00f6rmek i\u00e7in \u015fimdi giri\u015f yap\u0131n.\" \/>\n<meta property=\"og:url\" content=\"https:\/\/www.bahisbet.app\/\" \/>\n<meta property=\"og:site_name\" content=\"Bahis Bet\" \/>\n<meta property=\"article:modified_time\" content=\"2024-09-20T14:26:53+00:00\" \/>\n<meta name=\"twitter:card\" content=\"summary_large_image\" \/>\n<meta name=\"twitter:label1\" content=\"Tahmini okuma s\u00fcresi\" \/>\n\t<meta name=\"twitter:data1\" content=\"3 dakika\" \/>\n<script type=\"application\/ld+json\" class=\"yoast-schema-graph\">{\"@context\":\"https:\\\/\\\/schema.org\",\"@graph\":[{\"@type\":\"WebPage\",\"@id\":\"https:\\\/\\\/www.bahisbet.app\\\/\",\"url\":\"https:\\\/\\\/www.bahisbet.app\\\/\",\"name\":\"BahisBet'e Hemen Giri\u015f Yap | G\u00fcncel Giri\u015f Ba\u011flant\u0131s\u0131\",\"isPartOf\":{\"@id\":\"https:\\\/\\\/www.bahisbet.app\\\/#website\"},\"datePublished\":\"2023-03-23T12:00:02+00:00\",\"dateModified\":\"2024-09-20T14:26:53+00:00\",\"description\":\"BahisBet'in g\u00fcncel giri\u015f ba\u011flant\u0131s\u0131n\u0131 g\u00f6rmek i\u00e7in \u015fimdi giri\u015f yap\u0131n.\",\"breadcrumb\":{\"@id\":\"https:\\\/\\\/www.bahisbet.app\\\/#breadcrumb\"},\"inLanguage\":\"tr\",\"potentialAction\":[{\"@type\":\"ReadAction\",\"target\":[\"https:\\\/\\\/www.bahisbet.app\\\/\"]}]},{\"@type\":\"BreadcrumbList\",\"@id\":\"https:\\\/\\\/www.bahisbet.app\\\/#breadcrumb\",\"itemListElement\":[{\"@type\":\"ListItem\",\"position\":1,\"name\":\"Anasayfa\",\"item\":\"https:\\\/\\\/www.bahisbet.app\\\/\"},{\"@type\":\"ListItem\",\"position\":2,\"name\":\"Anasayfa\"}]},{\"@type\":\"WebSite\",\"@id\":\"https:\\\/\\\/www.bahisbet.app\\\/#website\",\"url\":\"https:\\\/\\\/www.bahisbet.app\\\/\",\"name\":\"Bahis Bet\",\"description\":\"\",\"potentialAction\":[{\"@type\":\"SearchAction\",\"target\":{\"@type\":\"EntryPoint\",\"urlTemplate\":\"https:\\\/\\\/www.bahisbet.app\\\/?s={search_term_string}\"},\"query-input\":{\"@type\":\"PropertyValueSpecification\",\"valueRequired\":true,\"valueName\":\"search_term_string\"}}],\"inLanguage\":\"tr\"}]}<\/script>\n<!-- \/ Yoast SEO plugin. -->","yoast_head_json":{"title":"BahisBet'e Hemen Giri\u015f Yap | G\u00fcncel Giri\u015f Ba\u011flant\u0131s\u0131","description":"BahisBet'in g\u00fcncel giri\u015f ba\u011flant\u0131s\u0131n\u0131 g\u00f6rmek i\u00e7in \u015fimdi giri\u015f yap\u0131n.","robots":{"index":"index","follow":"follow","max-snippet":"max-snippet:-1","max-image-preview":"max-image-preview:large","max-video-preview":"max-video-preview:-1"},"canonical":"https:\/\/www.bahisbet.app\/","og_locale":"tr_TR","og_type":"article","og_title":"BahisBet'e Hemen Giri\u015f Yap | G\u00fcncel Giri\u015f Ba\u011flant\u0131s\u0131","og_description":"BahisBet'in g\u00fcncel giri\u015f ba\u011flant\u0131s\u0131n\u0131 g\u00f6rmek i\u00e7in \u015fimdi giri\u015f yap\u0131n.","og_url":"https:\/\/www.bahisbet.app\/","og_site_name":"Bahis Bet","article_modified_time":"2024-09-20T14:26:53+00:00","twitter_card":"summary_large_image","twitter_misc":{"Tahmini okuma s\u00fcresi":"3 dakika"},"schema":{"@context":"https:\/\/schema.org","@graph":[{"@type":"WebPage","@id":"https:\/\/www.bahisbet.app\/","url":"https:\/\/www.bahisbet.app\/","name":"BahisBet'e Hemen Giri\u015f Yap | G\u00fcncel Giri\u015f Ba\u011flant\u0131s\u0131","isPartOf":{"@id":"https:\/\/www.bahisbet.app\/#website"},"datePublished":"2023-03-23T12:00:02+00:00","dateModified":"2024-09-20T14:26:53+00:00","description":"BahisBet'in g\u00fcncel giri\u015f ba\u011flant\u0131s\u0131n\u0131 g\u00f6rmek i\u00e7in \u015fimdi giri\u015f yap\u0131n.","breadcrumb":{"@id":"https:\/\/www.bahisbet.app\/#breadcrumb"},"inLanguage":"tr","potentialAction":[{"@type":"ReadAction","target":["https:\/\/www.bahisbet.app\/"]}]},{"@type":"BreadcrumbList","@id":"https:\/\/www.bahisbet.app\/#breadcrumb","itemListElement":[{"@type":"ListItem","position":1,"name":"Anasayfa","item":"https:\/\/www.bahisbet.app\/"},{"@type":"ListItem","position":2,"name":"Anasayfa"}]},{"@type":"WebSite","@id":"https:\/\/www.bahisbet.app\/#website","url":"https:\/\/www.bahisbet.app\/","name":"Bahis Bet","description":"","potentialAction":[{"@type":"SearchAction","target":{"@type":"EntryPoint","urlTemplate":"https:\/\/www.bahisbet.app\/?s={search_term_string}"},"query-input":{"@type":"PropertyValueSpecification","valueRequired":true,"valueName":"search_term_string"}}],"inLanguage":"tr"}]}},"_links":{"self":[{"href":"https:\/\/www.bahisbet.app\/index.php?rest_route=\/wp\/v2\/pages\/9230","targetHints":{"allow":["GET"]}}],"collection":[{"href":"https:\/\/www.bahisbet.app\/index.php?rest_route=\/wp\/v2\/pages"}],"about":[{"href":"https:\/\/www.bahisbet.app\/index.php?rest_route=\/wp\/v2\/types\/page"}],"author":[{"embeddable":true,"href":"https:\/\/www.bahisbet.app\/index.php?rest_route=\/wp\/v2\/users\/1"}],"replies":[{"embeddable":true,"href":"https:\/\/www.bahisbet.app\/index.php?rest_route=%2Fwp%2Fv2%2Fcomments&post=9230"}],"version-history":[{"count":11,"href":"https:\/\/www.bahisbet.app\/index.php?rest_route=\/wp\/v2\/pages\/9230\/revisions"}],"predecessor-version":[{"id":9463,"href":"https:\/\/www.bahisbet.app\/index.php?rest_route=\/wp\/v2\/pages\/9230\/revisions\/9463"}],"wp:attachment":[{"href":"https:\/\/www.bahisbet.app\/index.php?rest_route=%2Fwp%2Fv2%2Fmedia&parent=9230"}],"curies":[{"name":"wp","href":"https:\/\/api.w.org\/{rel}","templated":true}]}}